{"id":2856,"date":"2019-07-11T11:12:59","date_gmt":"2019-07-11T09:12:59","guid":{"rendered":"http:\/\/www.crossbowtrustee.sm\/chi-siamo-copy\/"},"modified":"2020-02-21T14:18:25","modified_gmt":"2020-02-21T13:18:25","slug":"nuestros-clientes","status":"publish","type":"page","link":"https:\/\/www.crossbowtrustee.sm\/es\/nuestros-clientes\/","title":{"rendered":"Nuestros clientes"},"content":{"rendered":"<div class=\"wpb-content-wrapper\"><p>[vc_row source=\u00bb\u00bb main_heading=\u00bbOPACIT\u00c0 vs COMPLESSIT\u00c0\u00bb heading_tag=\u00bbh2&#8243; main_heading_color=\u00bb\u00bb sub_heading_color=\u00bb\u00bb alignment=\u00bbleft\u00bb spacer=\u00bbline_only\u00bb spacer_position=\u00bbbottom\u00bb spacer_img_width=\u00bb48&#8243; line_style=\u00bbsolid\u00bb line_height=\u00bb4&#8243; line_color=\u00bb\u00bb line_icon_fixer=\u00bb10&#8243; main_heading_font_size=\u00bbdesktop:32px;\u00bb main_heading_line_height=\u00bbdesktop:38px;\u00bb main_heading_margin=\u00bbmargin-bottom:15px;\u00bb sub_heading_line_height=\u00bbdesktop:28px;\u00bb line_width=\u00bb100&#8243; el_class=\u00bbaccent-border-color\u00bb spacer_margin=\u00bbmargin-bottom:15px;\u00bb main_heading_typograpy=\u00bb\u00bb main_heading_font_family=\u00bb\u00bb main_heading_style=\u00bb\u00bb margin_design_tab_text=\u00bb\u00bb sub_heading_typograpy=\u00bb\u00bb sub_heading_font_family=\u00bb\u00bb sub_heading_style=\u00bb\u00bb sub_heading_font_size=\u00bb\u00bb sub_heading_margin=\u00bb\u00bb spacer_img=\u00bb\u00bb][vc_column]<div id=\"ultimate-heading-541169d97633db9f7\" class=\"uvc-heading ult-adjust-bottom-margin ultimate-heading-541169d97633db9f7 uvc-3578 accent-border-color\" data-hspacer=\"line_only\"  data-halign=\"center\" style=\"text-align:center\"><div class=\"uvc-main-heading ult-responsive\"  data-ultimate-target='.uvc-heading.ultimate-heading-541169d97633db9f7 h2'  data-responsive-json-new='{\"font-size\":\"desktop:32px;\",\"line-height\":\"desktop:38px;\"}' ><h2 style=\"--font-weight:theme;margin-bottom:15px;\">CROSSBOW TRUSTEE SE REFIERE PRINCIPALMENTE A<\/h2><\/div><div class=\"uvc-heading-spacer line_only\" style=\"margin-bottom:15px;height:4px;\"><span class=\"uvc-headings-line\" style=\"border-style:solid;border-bottom-width:4px;border-color:;width:100px;\"><\/span><\/div><\/div>[\/vc_column][\/vc_row][vc_row css=\u00bb.vc_custom_1562834157325{padding-top: 8% !important;}\u00bb][vc_column width=\u00bb1\/5&#8243;][vc_icon icon_fontawesome=\u00bbfa fa-eur\u00bb color=\u00bbgrey\u00bb background_style=\u00bbrounded-less-outline\u00bb align=\u00bbcenter\u00bb][vc_column_text css=\u00bb.vc_custom_1567073831435{padding-top: 3% !important;padding-bottom: 3% !important;}\u00bb]<\/p>\n<p style=\"text-align: center;\"><strong>Familias europeas<\/strong> caracterizadas por elementos de internacionalidad del patrimonio o de sus componentes, o interesadas a la gesti\u00f3n de su propio patrimonio familiar con el instrumento del trust \u201ceuropeo\u201d, con la garant\u00eda de una total transparencia desde el punto de vista fiscal.<\/p>\n<p>[\/vc_column_text][\/vc_column][vc_column width=\u00bb1\/5&#8243;][vc_icon type=\u00bbentypo\u00bb icon_entypo=\u00bbentypo-icon entypo-icon-cc-nc-eu\u00bb color=\u00bbgrey\u00bb background_style=\u00bbrounded-less-outline\u00bb align=\u00bbcenter\u00bb][vc_column_text css=\u00bb.vc_custom_1567073852056{padding-top: 3% !important;padding-bottom: 3% !important;}\u00bb]<\/p>\n<p style=\"text-align: center;\"><strong>Familias extra-europeas<\/strong> que quieren trasladarse a Europa, con patrimonios ubicados en diferentes pa\u00edses y que desean mantener una gesti\u00f3n administrativa y fiscal unitaria, tambi\u00e9n desde el punto de vista de la transici\u00f3n generacional.<\/p>\n<p>[\/vc_column_text][\/vc_column][vc_column width=\u00bb1\/5&#8243;][vc_icon icon_fontawesome=\u00bbfa fa-share-square-o\u00bb color=\u00bbgrey\u00bb background_style=\u00bbrounded-less-outline\u00bb align=\u00bbcenter\u00bb][vc_column_text css=\u00bb.vc_custom_1567668778305{padding-top: 3% !important;padding-bottom: 3% !important;}\u00bb]<\/p>\n<p style=\"text-align: center;\"><strong>Ciudadanos italianos<\/strong> que quieren regresar a Italia despu\u00e9s de pasar unos a\u00f1os trabajando en el extranjero pero que no quieren trasladar, tambi\u00e9n de un punto de vista estrat\u00e9gico y macroecon\u00f3mico, los activos y los patrimonios generados en el extranjero (que est\u00e1n interesados en la Flat Tax Italiana, ex resident not domicilied ingleses, repatriados etc\u2026).<\/p>\n<p>[\/vc_column_text][\/vc_column][vc_column width=\u00bb1\/5&#8243;][vc_icon type=\u00bbmonosocial\u00bb icon_monosocial=\u00bbvc-mono vc-mono-myspace\u00bb color=\u00bbgrey\u00bb background_style=\u00bbrounded-less-outline\u00bb align=\u00bbcenter\u00bb][vc_column_text css=\u00bb.vc_custom_1567073914561{padding-top: 3% !important;padding-bottom: 3% !important;}\u00bb]<\/p>\n<p style=\"text-align: center;\"><strong>Deportistas internacionales<\/strong> que tienen que preservar su propio patrimonio y planificar lo que va a pasar despu\u00e9s del final de su propia carrera profesional y la interrupci\u00f3n de las elevadas ganancias, concentradas en pocos a\u00f1os de actividad.<\/p>\n<p>[\/vc_column_text][\/vc_column][vc_column width=\u00bb1\/5&#8243;][vc_icon icon_fontawesome=\u00bbfa fa-balance-scale\u00bb color=\u00bbgrey\u00bb background_style=\u00bbrounded-less-outline\u00bb align=\u00bbcenter\u00bb][vc_column_text css=\u00bb.vc_custom_1567073936990{padding-top: 3% !important;padding-bottom: 3% !important;}\u00bb]<\/p>\n<p style=\"text-align: center;\"><strong>Trust internacionales<\/strong> ya existentes, que hay que renovar desde un punto de vista de mayor eficiencia y transparencia.<\/p>\n<p>[\/vc_column_text][\/vc_column][\/vc_row]<\/p>\n<\/div>","protected":false},"excerpt":{"rendered":"<p>[vc_row source=\u00bb\u00bb main_heading=\u00bbOPACIT\u00c0 vs COMPLESSIT\u00c0\u00bb heading_tag=\u00bbh2&#8243; main_heading_color=\u00bb\u00bb sub_heading_color=\u00bb\u00bb alignment=\u00bbleft\u00bb spacer=\u00bbline_only\u00bb spacer_position=\u00bbbottom\u00bb spacer_img_width=\u00bb48&#8243; line_style=\u00bbsolid\u00bb line_height=\u00bb4&#8243; line_color=\u00bb\u00bb line_icon_fixer=\u00bb10&#8243; main_heading_font_size=\u00bbdesktop:32px;\u00bb main_heading_line_height=\u00bbdesktop:38px;\u00bb main_heading_margin=\u00bbmargin-bottom:15px;\u00bb sub_heading_line_height=\u00bbdesktop:28px;\u00bb line_width=\u00bb100&#8243; el_class=\u00bbaccent-border-color\u00bb spacer_margin=\u00bbmargin-bottom:15px;\u00bb main_heading_typograpy=\u00bb\u00bb main_heading_font_family=\u00bb\u00bb main_heading_style=\u00bb\u00bb margin_design_tab_text=\u00bb\u00bb sub_heading_typograpy=\u00bb\u00bb sub_heading_font_family=\u00bb\u00bb sub_heading_style=\u00bb\u00bb sub_heading_font_size=\u00bb\u00bb sub_heading_margin=\u00bb\u00bb spacer_img=\u00bb\u00bb][vc_column][\/vc_column][\/vc_row][vc_row css=\u00bb.vc_custom_1562834157325{padding-top: 8% !important;}\u00bb][vc_column width=\u00bb1\/5&#8243;][vc_icon icon_fontawesome=\u00bbfa fa-eur\u00bb color=\u00bbgrey\u00bb background_style=\u00bbrounded-less-outline\u00bb align=\u00bbcenter\u00bb][vc_column_text css=\u00bb.vc_custom_1567073831435{padding-top: 3% !important;padding-bottom: 3% !important;}\u00bb] Familias europeas caracterizadas por elementos de internacionalidad del&hellip;<\/p>\n","protected":false},"author":1,"featured_media":0,"parent":0,"menu_order":0,"comment_status":"closed","ping_status":"closed","template":"","meta":{"footnotes":""},"class_list":["post-2856","page","type-page","status-publish","hentry","description-off"],"_links":{"self":[{"href":"https:\/\/www.crossbowtrustee.sm\/es\/wp-json\/wp\/v2\/pages\/2856","targetHints":{"allow":["GET"]}}],"collection":[{"href":"https:\/\/www.crossbowtrustee.sm\/es\/wp-json\/wp\/v2\/pages"}],"about":[{"href":"https:\/\/www.crossbowtrustee.sm\/es\/wp-json\/wp\/v2\/types\/page"}],"author":[{"embeddable":true,"href":"https:\/\/www.crossbowtrustee.sm\/es\/wp-json\/wp\/v2\/users\/1"}],"replies":[{"embeddable":true,"href":"https:\/\/www.crossbowtrustee.sm\/es\/wp-json\/wp\/v2\/comments?post=2856"}],"version-history":[{"count":0,"href":"https:\/\/www.crossbowtrustee.sm\/es\/wp-json\/wp\/v2\/pages\/2856\/revisions"}],"wp:attachment":[{"href":"https:\/\/www.crossbowtrustee.sm\/es\/wp-json\/wp\/v2\/media?parent=2856"}],"curies":[{"name":"wp","href":"https:\/\/api.w.org\/{rel}","templated":true}]}}