{"id":3088,"date":"2014-03-18T09:49:29","date_gmt":"2014-03-18T09:49:29","guid":{"rendered":"https:\/\/www.crossbowtrustee.sm\/home-def\/"},"modified":"2020-05-18T09:40:51","modified_gmt":"2020-05-18T07:40:51","slug":"home-def","status":"publish","type":"page","link":"https:\/\/www.crossbowtrustee.sm\/pt-pt\/","title":{"rendered":"Home"},"content":{"rendered":"<div class=\"wpb-content-wrapper\"><p>[vc_row css=&#8221;.vc_custom_1562766697819{padding-top: 8% !important;padding-bottom: 8% !important;}&#8221;][vc_column offset=&#8221;vc_col-lg-offset-0&#8243;]<div id=\"ultimate-heading-363869d1bced47b58\" class=\"uvc-heading ult-adjust-bottom-margin ultimate-heading-363869d1bced47b58 uvc-47 \" data-hspacer=\"no_spacer\"  data-halign=\"center\" style=\"text-align:center\"><div class=\"uvc-heading-spacer no_spacer\" style=\"top\"><\/div><div class=\"uvc-sub-heading ult-responsive\"  data-ultimate-target='.uvc-heading.ultimate-heading-363869d1bced47b58 .uvc-sub-heading '  data-responsive-json-new='{\"font-size\":\"\",\"line-height\":\"desktop:28px;\"}'  style=\"font-weight:normal;\"><\/p>\n<h2 style=\"text-align: center;\">Nos \u00faltimos anos, a tend\u00eancia global no campo de servi\u00e7os dedicados aos bens da fam\u00edlia teve uma evolu\u00e7\u00e3o progressiva, desde solicita\u00e7\u00f5es com o principal objetivo de opacidade at\u00e9 uma demanda por ferramentas que realmente privilegiam as necessidades de planejamento e prote\u00e7\u00e3o familiares aut\u00eanticas e leg\u00edtimas.<\/h2>\n<p><\/div><\/div>[\/vc_column][\/vc_row][vc_row full_width=&#8221;stretch_row_content_no_spaces&#8221; equal_height=&#8221;yes&#8221; type=&#8221;vc_default&#8221; margin_top=&#8221;10&#8243; css=&#8221;.vc_custom_1562832170322{margin-top: 0px !important;margin-right: 0px !important;margin-bottom: 0px !important;margin-left: 0px !important;border-top-width: 0px !important;border-right-width: 0px !important;border-bottom-width: 0px !important;border-left-width: 0px !important;padding-top: 0px !important;padding-right: 0px !important;padding-bottom: 0px !important;padding-left: 0px !important;background-color: #f7f7f7 !important;}&#8221;][vc_column width=&#8221;1\/2&#8243; offset=&#8221;vc_col-xs-12&#8243; css=&#8221;.vc_custom_1589787622902{margin-top: 0px !important;margin-right: 0px !important;margin-bottom: 0px !important;margin-left: 0px !important;border-top-width: 0px !important;border-right-width: 0px !important;border-bottom-width: 0px !important;border-left-width: 0px !important;padding-top: 0px !important;padding-right: 0px !important;padding-bottom: 0px !important;padding-left: 0px !important;background-image: url(https:\/\/www.crossbowtrustee.sm\/wp-content\/uploads\/2020\/05\/normativa-trust-1.jpg?id=3254) !important;background-position: center !important;background-repeat: no-repeat !important;background-size: cover !important;}&#8221;][vc_empty_space height=&#8221;200&#8243;][\/vc_column][vc_column width=&#8221;1\/2&#8243; css=&#8221;.vc_custom_1562769933157{margin-bottom: 0px !important;border-bottom-width: 0px !important;padding-top: 5% !important;padding-right: 5% !important;padding-bottom: 0px !important;padding-left: 5% !important;}&#8221;]<div id=\"ultimate-heading-70469d1bced47c37\" class=\"uvc-heading ult-adjust-bottom-margin ultimate-heading-70469d1bced47c37 uvc-2435 accent-border-color\" data-hspacer=\"line_only\"  data-halign=\"left\" style=\"text-align:left\"><div class=\"uvc-main-heading ult-responsive\"  data-ultimate-target='.uvc-heading.ultimate-heading-70469d1bced47c37 h2'  data-responsive-json-new='{\"font-size\":\"desktop:32px;\",\"line-height\":\"desktop:38px;\"}' ><h2 style=\"--font-weight:theme;margin-bottom:15px;\">OPACIDADE vs COMPLEXIDADE<\/h2><\/div><div class=\"uvc-heading-spacer line_only\" style=\"margin-bottom:15px;height:4px;\"><span class=\"uvc-headings-line\" style=\"border-style:solid;border-bottom-width:4px;border-color:;width:100px;\"><\/span><\/div><\/div>[vc_column_text el_class=&#8221;text-justify&#8221;]Em ess\u00eancia, os &#8220;antigos&#8221; servi\u00e7os de prote\u00e7\u00e3o de ativos tinham como objetivo quase exclusivo a tentativa de ocultar ativos em rela\u00e7\u00e3o \u00e0s leis nacionais ou de resid\u00eancia. Agora, com o sistema de interc\u00e2mbio financeiro mundial <strong>&#8220;<a href=\"https:\/\/www.oecd.org\/tax\/automatic-exchange\/common-reporting-standard\/\" target=\"_blank\" rel=\"noopener noreferrer\">CRS<\/a>&#8220;<\/strong> esse mundo de servi\u00e7os opacos terminou.[\/vc_column_text][vc_column_text el_class=&#8221;text-justify&#8221;]N\u00e3o s\u00f3 isso, independentemente da nova tend\u00eancia, a crescente necessidade de fam\u00edlias cada vez mais globalizadas acessarem servi\u00e7os supranacionais que garantem:<\/p>\n<ul>\n<li>Uma centraliza\u00e7\u00e3o e simplifica\u00e7\u00e3o na gest\u00e3o administrativa e legal de bens localizados em v\u00e1rias jurisdi\u00e7\u00f5es nacionais;<\/li>\n<li>A cria\u00e7\u00e3o de &#8220;family office\/centros de gest\u00e3o&#8221;, tamb\u00e9m do ponto de vista tribut\u00e1rio, que garantam legitimidade e sustentabilidade em rela\u00e7\u00e3o \u00e0s administra\u00e7\u00f5es nacionais pertencentes aos fundadores, benefici\u00e1rios e ativos individuais sujeitos a ativos localizados, de fato, em jurisdi\u00e7\u00f5es que tendem a ser &#8221; captive &#8221; do ponto de vista fiscal;<\/li>\n<li>A possibilidade de regular relacionamentos jur\u00eddicos dentro de fam\u00edlias &#8220;estendidas&#8221;, com m\u00faltiplos ramos familiares, que por sua vez est\u00e3o localizados em diferentes jurisdi\u00e7\u00f5es;<\/li>\n<li>Na aus\u00eancia de conven\u00e7\u00f5es ou regras transnacionais espec\u00edficas, mesmo entre os pa\u00edses da Uni\u00e3o Europeia, em rela\u00e7\u00e3o \u00e0 tributa\u00e7\u00e3o de mudan\u00e7as geracionais, as fam\u00edlias devem planejar sua sucess\u00e3o a tempo de evitar conflitos de jurisdi\u00e7\u00e3o e dupla tributa\u00e7\u00e3o;<\/li>\n<li>Al\u00e9m disso, mesmo que em muitos pa\u00edses seja poss\u00edvel reconhecer os direitos dos casais do mesmo sexo, em qualquer caso, a quest\u00e3o da prote\u00e7\u00e3o e da transfer\u00eancia de gera\u00e7\u00f5es nesses casos ainda representa um problema a ser enfrentado pela previs\u00e3o.<\/li>\n<\/ul>\n<p>[\/vc_column_text][vc_column_text css=&#8221;.vc_custom_1583841053282{margin-bottom: 0px !important;border-bottom-width: 0px !important;padding-bottom: 3% !important;}&#8221; el_class=&#8221;text-justify&#8221;]Essa tend\u00eancia evolutiva na demanda por servi\u00e7os complexos \u00e9 particularmente evidente no mundo mediterr\u00e2neo e &#8220;latino&#8221;: tradicionalmente, o &#8220;chefe da fam\u00edlia&#8221; sempre administrou a mudan\u00e7a geracional exclusivamente a partir de uma perspectiva nacional local e, basicamente, com um \u00fanico ramo familiar. Hoje, tamb\u00e9m gra\u00e7as \u00e0s transfer\u00eancias relacionadas \u00e0 atividade econ\u00f4mica ou \u00e0s escolhas de estudo ou estilo de vida (geralmente para o Reino Unido, os Estados Unidos ou alguns pa\u00edses europeus, como Principado de M\u00f4naco ou mesmo a It\u00e1lia), os ativos gradualmente se internacionalizam e, portanto, tamb\u00e9m os problemas administrativos e legais relacionados a ele se tornaram complexos e dif\u00edceis de gerenciar em uma \u00fanica jurisdi\u00e7\u00e3o.[\/vc_column_text][\/vc_column][\/vc_row][vc_row full_width=&#8221;stretch_row_content_no_spaces&#8221; bg_type=&#8221;grad&#8221; bg_grad=&#8221;background: -webkit-gradient(linear, left top, left bottom, color-stop(0%, #00A6FF), color-stop(100%, #29368A));background: -moz-linear-gradient(left,#00A6FF 0%,#29368A 100%);background: -webkit-linear-gradient(left,#00A6FF 0%,#29368A 100%);background: -o-linear-gradient(left,#00A6FF 0%,#29368A 100%);background: -ms-linear-gradient(left,#00A6FF 0%,#29368A 100%);background: linear-gradient(left,#00A6FF 0%,#29368A 100%);&#8221; css=&#8221;.vc_custom_1562769872020{margin-top: 0px !important;margin-right: 0px !important;margin-bottom: 0px !important;margin-left: 0px !important;border-top-width: 0px !important;border-right-width: 0px !important;border-bottom-width: 0px !important;border-left-width: 0px !important;padding-top: 0px !important;padding-right: 0px !important;padding-bottom: 0px !important;padding-left: 0px !important;}&#8221;][vc_column][vc_row_inner css=&#8221;.vc_custom_1562769860821{padding-top: 5% !important;padding-bottom: 5% !important;}&#8221;][vc_column_inner width=&#8221;1\/4&#8243;][\/vc_column_inner][vc_column_inner width=&#8221;1\/2&#8243;]<div id=\"ultimate-heading-262669d1bced47d1b\" class=\"uvc-heading ult-adjust-bottom-margin ultimate-heading-262669d1bced47d1b uvc-6900 \" data-hspacer=\"no_spacer\"  data-halign=\"center\" style=\"text-align:center\"><div class=\"uvc-heading-spacer no_spacer\" style=\"top\"><\/div><div class=\"uvc-sub-heading ult-responsive\"  data-ultimate-target='.uvc-heading.ultimate-heading-262669d1bced47d1b .uvc-sub-heading '  data-responsive-json-new='{\"font-size\":\"desktop:24px;\",\"line-height\":\"desktop:40px;\"}'  style=\"font-weight:normal;color:#ffffff;\"><\/p>\n<p style=\"text-align: center;\"><span style=\"color: #ffffff;\">Na Rep\u00fablica de San Marino, inspirando-se e enriquecendo a experi\u00eancia italiana essencialmente nascida no contexto da Associa\u00e7\u00e3o &#8220;Il Trust In Italy&#8221; e em estudos notariais, um modelo muito linear se desenvolveu desde 2005, mas ao mesmo tempo muito complexo e eficaz, colocando no centro o patrim\u00f3nio familiar e a sua mudan\u00e7a geracional, normalmente para os descendentes da fam\u00edlia: diferente, nos pa\u00edses anglo-sax\u00f5es o Trust nasceu como uma institui\u00e7\u00e3o legal para gerenciar v\u00e1rios aspectos econ\u00f4micos e financeiros, no modelo &#8220;Mediterr\u00e2neo&#8221;, no centro da regulamenta\u00e7\u00e3o, e da pr\u00e1tica, existe SOMENTE A FAM\u00cdLIA COM SEU PATRIM\u00d4NIO.<\/span><\/p>\n<p><\/div><\/div>[vc_btn title=&#8221;O INSTITUTO DO TRUST EN SAN MARINO&#8221; shape=&#8221;square&#8221; size=&#8221;lg&#8221; align=&#8221;center&#8221; css=&#8221;.vc_custom_1583841355904{padding-top: 2% !important;padding-bottom: 2% !important;}&#8221; link=&#8221;url:http%3A%2F%2Fwww.crossbowtrustee.sm%2Fil-trust-a-san-marino%2F|||&#8221;][\/vc_column_inner][vc_column_inner width=&#8221;1\/4&#8243;][\/vc_column_inner][\/vc_row_inner][\/vc_column][\/vc_row][vc_row full_width=&#8221;stretch_row_content_no_spaces&#8221; equal_height=&#8221;yes&#8221; type=&#8221;vc_default&#8221; margin_top=&#8221;10&#8243; css=&#8221;.vc_custom_1562832364941{margin-top: 0px !important;margin-right: 0px !important;margin-bottom: 0px !important;margin-left: 0px !important;border-top-width: 0px !important;border-right-width: 0px !important;border-bottom-width: 0px !important;border-left-width: 0px !important;padding-top: 0px !important;padding-right: 0px !important;padding-bottom: 0px !important;padding-left: 0px !important;background-color: #f7f7f7 !important;}&#8221;][vc_column width=&#8221;1\/2&#8243; css=&#8221;.vc_custom_1562768947058{padding-top: 5% !important;padding-right: 5% !important;padding-left: 5% !important;}&#8221;]<div id=\"ultimate-heading-144969d1bced47dca\" class=\"uvc-heading ult-adjust-bottom-margin ultimate-heading-144969d1bced47dca uvc-7206 accent-border-color\" data-hspacer=\"line_only\"  data-halign=\"right\" style=\"text-align:right\"><div class=\"uvc-main-heading ult-responsive\"  data-ultimate-target='.uvc-heading.ultimate-heading-144969d1bced47dca h2'  data-responsive-json-new='{\"font-size\":\"desktop:32px;\",\"line-height\":\"desktop:38px;\"}' ><h2 style=\"--font-weight:theme;margin-bottom:15px;\">COMPLEXIDADE FAMILIAR<\/h2><\/div><div class=\"uvc-heading-spacer line_only\" style=\"margin-bottom:15px;height:4px;\"><span class=\"uvc-headings-line\" style=\"border-style:solid;border-bottom-width:4px;border-color:;width:100px;\"><\/span><\/div><\/div>[vc_column_text css=&#8221;.vc_custom_1583841300124{padding-bottom: 3% !important;}&#8221; el_class=&#8221;text-justify&#8221;]<\/p>\n<p style=\"text-align: left;\">Fam\u00edlias com caracter\u00edsticas &#8220;internacionais&#8221; hoje exigem instrumentos com uma nova complexidade, capazes de combinar as caracter\u00edsticas das institui\u00e7oes concebidos no modelo &#8220;latino&#8221; com as peculiaridades dos ativos com elementos de supranacionalidade, e em particular:<\/p>\n<ul>\n<li>Os instrumentos de planejamento devem ser baseadas em uma LEI clara e linear que se concentre apenas na fam\u00edlia e em suas necessidades.<\/li>\n<li>O decl\u00ednio da opacidade levou a uma crescente demanda por &#8220;controle&#8221; desses instrumentos, tanto pelos pr\u00f3prios indiv\u00edduos protagonistas de sua institui\u00e7\u00e3o, quanto pelos \u00f3rg\u00e3os p\u00fablicos, com aux\u00edlio de estruturas administrativas e de supervis\u00e3o e conformidade, bem como judicial, capaz de proteger concretamente os direitos das fam\u00edlias envolvidas.<\/li>\n<li>Qualquer instrumento deve ter legitimidade e m\u00e9rito tamb\u00e9m do ponto de vista tribut\u00e1rio: al\u00e9m de ter regras claras e precisas do ponto de vista jur\u00eddico, as novas ferramentas de planejamento devem ser reguladas do ponto de vista tribut\u00e1rio, essencialmente com um &#8220;SUJETIVA\u00c7\u00c3O&#8221; do mesmo, que permite, sempre que poss\u00edvel, reconhecimento internacional, dada a possibilidade de qualific\u00e1-los como RESIDENTES FISCAIS em uma ordem muito precisa, hoje praticamente imposs\u00edvel para instrumentos antigos &#8220;off-shore&#8221; ou, em qualquer caso, sem legisla\u00e7\u00e3o espec\u00edfica.<\/li>\n<li>Os intermedi\u00e1rios financeiros, em particular os bancos, n\u00e3o aceitam mais instrumentos n\u00e3o transparentes e, de qualquer forma, dif\u00edceis de avaliar legalmente do ponto de vista jur\u00eddico e fiscal do gerenciamento de riscos.<\/li>\n<\/ul>\n<p>[\/vc_column_text][\/vc_column][vc_column width=&#8221;1\/2&#8243; offset=&#8221;vc_col-xs-12&#8243; css=&#8221;.vc_custom_1589787646221{margin-top: 0px !important;margin-right: 0px !important;margin-bottom: 0px !important;margin-left: 0px !important;border-top-width: 0px !important;border-right-width: 0px !important;border-bottom-width: 0px !important;border-left-width: 0px !important;padding-top: 0px !important;padding-right: 0px !important;padding-bottom: 0px !important;padding-left: 0px !important;background-image: url(https:\/\/www.crossbowtrustee.sm\/wp-content\/uploads\/2020\/05\/trustee-company-san-marino-famiglia-home.jpg?id=3234) !important;background-position: center !important;background-repeat: no-repeat !important;background-size: cover !important;}&#8221;][vc_empty_space height=&#8221;200&#8243;][\/vc_column][\/vc_row]<\/p>\n<\/div>","protected":false},"excerpt":{"rendered":"<p>[vc_row css=&#8221;.vc_custom_1562766697819{padding-top: 8% !important;padding-bottom: 8% !important;}&#8221;][vc_column offset=&#8221;vc_col-lg-offset-0&#8243;][\/vc_column][\/vc_row][vc_row full_width=&#8221;stretch_row_content_no_spaces&#8221; equal_height=&#8221;yes&#8221; type=&#8221;vc_default&#8221; margin_top=&#8221;10&#8243; css=&#8221;.vc_custom_1562832170322{margin-top: 0px !important;margin-right: 0px !important;margin-bottom: 0px !important;margin-left: 0px !important;border-top-width: 0px !important;border-right-width: 0px !important;border-bottom-width: 0px !important;border-left-width: 0px !important;padding-top: 0px !important;padding-right: 0px !important;padding-bottom: 0px !important;padding-left: 0px !important;background-color: #f7f7f7 !important;}&#8221;][vc_column width=&#8221;1\/2&#8243; offset=&#8221;vc_col-xs-12&#8243; css=&#8221;.vc_custom_1589787622902{margin-top: 0px !important;margin-right: 0px !important;margin-bottom: 0px !important;margin-left: 0px !important;border-top-width: 0px !important;border-right-width: 0px !important;border-bottom-width: 0px !important;border-left-width:&hellip;<\/p>\n","protected":false},"author":1,"featured_media":0,"parent":0,"menu_order":0,"comment_status":"closed","ping_status":"closed","template":"","meta":{"footnotes":""},"class_list":["post-3088","page","type-page","status-publish","hentry","description-off"],"_links":{"self":[{"href":"https:\/\/www.crossbowtrustee.sm\/pt-pt\/wp-json\/wp\/v2\/pages\/3088","targetHints":{"allow":["GET"]}}],"collection":[{"href":"https:\/\/www.crossbowtrustee.sm\/pt-pt\/wp-json\/wp\/v2\/pages"}],"about":[{"href":"https:\/\/www.crossbowtrustee.sm\/pt-pt\/wp-json\/wp\/v2\/types\/page"}],"author":[{"embeddable":true,"href":"https:\/\/www.crossbowtrustee.sm\/pt-pt\/wp-json\/wp\/v2\/users\/1"}],"replies":[{"embeddable":true,"href":"https:\/\/www.crossbowtrustee.sm\/pt-pt\/wp-json\/wp\/v2\/comments?post=3088"}],"version-history":[{"count":0,"href":"https:\/\/www.crossbowtrustee.sm\/pt-pt\/wp-json\/wp\/v2\/pages\/3088\/revisions"}],"wp:attachment":[{"href":"https:\/\/www.crossbowtrustee.sm\/pt-pt\/wp-json\/wp\/v2\/media?parent=3088"}],"curies":[{"name":"wp","href":"https:\/\/api.w.org\/{rel}","templated":true}]}}